{"id":3,"date":"2023-04-06T09:11:29","date_gmt":"2023-04-06T09:11:29","guid":{"rendered":"https:\/\/iznajmljivanjefrizidera.rs\/?page_id=3"},"modified":"2023-04-10T10:06:49","modified_gmt":"2023-04-10T09:06:49","slug":"privacy-policy","status":"publish","type":"page","link":"https:\/\/iznajmljivanjefrizidera.rs\/index.php\/privacy-policy\/","title":{"rendered":"Privacy Policy"},"content":{"rendered":"\t\t<div data-elementor-type=\"wp-page\" data-elementor-id=\"3\" class=\"elementor elementor-3\">\n\t\t\t\t\t\t\t\t\t<section class=\"elementor-section elementor-top-section elementor-element elementor-element-3dbd300 elementor-section-full_width elementor-section-stretched elementor-section-height-default elementor-section-height-default\" data-id=\"3dbd300\" data-element_type=\"section\" data-settings=\"{&quot;stretch_section&quot;:&quot;section-stretched&quot;}\">\n\t\t\t\t\t\t<div class=\"elementor-container elementor-column-gap-default\">\n\t\t\t\t\t<div class=\"elementor-column elementor-col-100 elementor-top-column elementor-element elementor-element-e1f1859\" data-id=\"e1f1859\" data-element_type=\"column\">\n\t\t\t<div class=\"elementor-widget-wrap elementor-element-populated\">\n\t\t\t\t\t\t\t\t<div class=\"elementor-element elementor-element-48560c4 elementor-widget elementor-widget-image\" data-id=\"48560c4\" data-element_type=\"widget\" data-widget_type=\"image.default\">\n\t\t\t\t<div class=\"elementor-widget-container\">\n\t\t\t<style>\/*! elementor - v3.12.1 - 02-04-2023 *\/\n.elementor-widget-image{text-align:center}.elementor-widget-image a{display:inline-block}.elementor-widget-image a img[src$=\".svg\"]{width:48px}.elementor-widget-image img{vertical-align:middle;display:inline-block}<\/style>\t\t\t\t\t\t\t\t\t\t\t\t<img loading=\"lazy\" decoding=\"async\" width=\"1920\" height=\"400\" src=\"https:\/\/iznajmljivanjefrizidera.rs\/wp-content\/uploads\/2023\/04\/privacy_policy_header.jpg\" class=\"attachment-full size-full wp-image-499\" alt=\"\" srcset=\"https:\/\/iznajmljivanjefrizidera.rs\/wp-content\/uploads\/2023\/04\/privacy_policy_header.jpg 1920w, https:\/\/iznajmljivanjefrizidera.rs\/wp-content\/uploads\/2023\/04\/privacy_policy_header-300x63.jpg 300w, https:\/\/iznajmljivanjefrizidera.rs\/wp-content\/uploads\/2023\/04\/privacy_policy_header-1024x213.jpg 1024w, https:\/\/iznajmljivanjefrizidera.rs\/wp-content\/uploads\/2023\/04\/privacy_policy_header-768x160.jpg 768w, https:\/\/iznajmljivanjefrizidera.rs\/wp-content\/uploads\/2023\/04\/privacy_policy_header-1536x320.jpg 1536w\" sizes=\"auto, (max-width: 1920px) 100vw, 1920px\" \/>\t\t\t\t\t\t\t\t\t\t\t\t\t\t\t<\/div>\n\t\t\t\t<\/div>\n\t\t\t\t\t<\/div>\n\t\t<\/div>\n\t\t\t\t\t\t\t<\/div>\n\t\t<\/section>\n\t\t\t\t<section class=\"elementor-section elementor-top-section elementor-element elementor-element-2c302a99 elementor-section-boxed elementor-section-height-default elementor-section-height-default\" data-id=\"2c302a99\" data-element_type=\"section\">\n\t\t\t\t\t\t<div class=\"elementor-container elementor-column-gap-default\">\n\t\t\t\t\t<div class=\"elementor-column elementor-col-100 elementor-top-column elementor-element elementor-element-4465723d\" data-id=\"4465723d\" data-element_type=\"column\">\n\t\t\t<div class=\"elementor-widget-wrap elementor-element-populated\">\n\t\t\t\t\t\t\t\t<div class=\"elementor-element elementor-element-73095d1b elementor-widget elementor-widget-text-editor\" data-id=\"73095d1b\" data-element_type=\"widget\" data-widget_type=\"text-editor.default\">\n\t\t\t\t<div class=\"elementor-widget-container\">\n\t\t\t<style>\/*! elementor - v3.12.1 - 02-04-2023 *\/\n.elementor-widget-text-editor.elementor-drop-cap-view-stacked .elementor-drop-cap{background-color:#69727d;color:#fff}.elementor-widget-text-editor.elementor-drop-cap-view-framed .elementor-drop-cap{color:#69727d;border:3px solid;background-color:transparent}.elementor-widget-text-editor:not(.elementor-drop-cap-view-default) .elementor-drop-cap{margin-top:8px}.elementor-widget-text-editor:not(.elementor-drop-cap-view-default) .elementor-drop-cap-letter{width:1em;height:1em}.elementor-widget-text-editor .elementor-drop-cap{float:left;text-align:center;line-height:1;font-size:50px}.elementor-widget-text-editor .elementor-drop-cap-letter{display:inline-block}<\/style>\t\t\t\t<header>\n<h1><span style=\"color: #7a7a7a; font-weight: 400; font-size: 24px;\">Politika privatnosti<\/span><\/h1>\n<\/header>\n<div>\n<p><span style=\"color: #7a7a7a; font-weight: 400; font-size: 14px;\"><strong>Ovaj vebsajt prikuplja odre\u0111ene podatke od posetilaca<\/strong><\/span><br><span style=\"color: #7a7a7a; font-weight: 400; font-size: 14px;\"><strong>Zadnja verzija: (9\/04\/2023)<\/strong><\/span><br><span style=\"color: #7a7a7a; font-weight: 400; font-size: 14px;\"><strong>Kompanija: Iznajmljivanje fri\u017eidera<br><\/strong><\/span><\/p>\n<h4><span style=\"color: #7a7a7a; font-weight: 400; font-size: 20px;\">Sa\u017eetak politike privatnosti<\/span><\/h4>\n<h4><span style=\"color: #7a7a7a; font-weight: 400; font-size: 14px;\">Iznajmljivanje fri\u017eidera koristi websajt https:\/\/www.iznajmljivanjefrizidera.rs kao uslugu. Ova stranica Vas informi\u0161e o na\u0161oj politici vezanoj za prikupljanje, upotrebu i otkrivanje Va\u0161ih li\u010dnih podataka prilikom kori\u0161\u0107enja na\u0161ih usluga i Va\u0161im izborom da nam ostavite Va\u0161e li\u010dne podatke.<\/span><\/h4>\n<h4><span style=\"color: #7a7a7a; font-weight: 400; font-size: 14px;\">Mi koristimo Va\u0161e podatke za pru\u017eanje i pobolj\u0161anje na\u0161ih proizvoda i usluga. Kori\u0161\u0107enjem na\u0161ih usluga pristajete na prikupljanje i kori\u0161\u0107enje informacija u skladu sa ovom politikom.<\/span><\/h4>\n<h4><span style=\"color: #7a7a7a; font-weight: 400; font-size: 20px;\">Definicije<\/span><\/h4>\n<h4><span style=\"color: #7a7a7a; font-size: 14px;\"><strong>Li\u010dni podaci<\/strong><\/span><\/h4>\n<h4><span style=\"color: #7a7a7a; font-weight: 400; font-size: 14px;\">Li\u010dni podaci predstavljaju podatke o \u017eivim osobama koje se mogu identifikovati iz podataka (ili od drugih informacija koje su u na\u0161em posedu ili za koje postoji verovatno\u0107a da \u0107emo ih imati).<\/span><\/h4>\n<h4><span style=\"color: #7a7a7a; font-weight: 400; font-size: 14px;\"><strong>Podaci o kori\u0161\u0107enju<\/strong><\/span><br><span style=\"color: #7a7a7a; font-weight: 400; font-size: 14px;\">Podaci o kori\u0161\u0107enju su podaci koji se automatski prikupljaju ili su generisani kori\u0161\u0107enjem usluge iz same infrastrukture stranice (na primer, merenjem trajanja posete stranice).<\/span><\/h4>\n<h4><span style=\"color: #7a7a7a; font-weight: 400; font-size: 14px;\"><strong>Kola\u010di\u0107i<\/strong><\/span><br><span style=\"color: #7a7a7a; font-weight: 400; font-size: 14px;\">Kola\u010di\u0107i su delovi podataka koji se \u010duvaju na korisni\u010dkom ure\u0111aju.<\/span><\/h4>\n<h4><span style=\"color: #7a7a7a; font-weight: 400; font-size: 14px;\"><strong>Kontrola podataka<\/strong><\/span><\/h4>\n<h4><span style=\"color: #7a7a7a; font-weight: 400; font-size: 14px;\">Kontrolor podataka ozna\u010dava osobu koja (bilo sama ili zajedni\u010dki sa drugim osobama) odre\u0111uje svrhu i na\u010din na koji se, ili \u0107e se, obraditi bilo koji li\u010dni podaci. U svrhu ove Politike privatnosti, mi smo kontrolori Va\u0161ih podataka.<\/span><\/h4>\n<h4><span style=\"color: #7a7a7a; font-weight: 400; font-size: 14px;\"><strong>Obra\u0111iva\u010d podataka<\/strong><\/span><\/h4>\n<h4><span style=\"color: #7a7a7a; font-weight: 400; font-size: 14px;\">Obra\u0111iva\u010d podataka (ili davalac usluga) ozna\u010dava bilo koju osobu (osim zaposlenog kontrolora podataka) koja obra\u0111uje podatke u ime kontrolora podataka. Mi mo\u017eemo da koristimo usluge razli\u010ditih servisnih provajdera kako bismo efikasnije obradili Va\u0161e podatke.<\/span><\/h4>\n<h4><span style=\"color: #7a7a7a; font-weight: 400; font-size: 14px;\"><strong>Subjekt koga se ti\u010du podaci<\/strong><\/span><\/h4>\n<h4><span style=\"color: #7a7a7a; font-weight: 400; font-size: 14px;\">Subjekt koga se ti\u010du podaci je svaka \u017eiva osoba koja je predmet ostavljenih li\u010dnih podataka.<\/span><\/h4>\n<h4><span style=\"color: #7a7a7a; font-weight: 400; font-size: 14px;\"><strong>Korisnik<\/strong><\/span><\/h4>\n<h4><span style=\"color: #7a7a7a; font-weight: 400; font-size: 14px;\">Korisnik je svaka osoba koja koristi na\u0161u uslugu. Korisnik odgovara subjektu podataka, koji je predmet ostavljenih li\u010dnih podataka.<\/span><\/h4>\n<h4><span style=\"color: #7a7a7a; font-weight: 400; font-size: 20px;\">Ostale informacije o li\u010dnim podacima<\/span><\/h4>\n<h4><span style=\"color: #7a7a7a; font-weight: 400; font-size: 14px;\"><strong>Prikupljanje i upotreba podataka<\/strong><\/span><\/h4>\n<h4><span style=\"color: #7a7a7a; font-weight: 400; font-size: 14px;\">Dok koristite na\u0161u veb stranicu, mo\u017eemo Vas zamoliti da nam dostavite odre\u0111ene informacije koje \u0107e slu\u017eiti kako bismo Vas kontaktirali ili za utvr\u0111ivanje identifikacije. Odre\u0111ene informacije za indentifikaciju mogu uklju\u010divati va\u0161e ime, datum ro\u0111enja ili pol (\u201eLi\u010dni podaci\u201c).<\/span><\/h4>\n<h4><span style=\"color: #7a7a7a; font-weight: 400; font-size: 14px;\">Kontakt detalji:<\/span><br><span style=\"color: #7a7a7a; font-weight: 400; font-size: 14px;\">Iznajmljivanje Fri\u017eidera<\/span><br><span style=\"color: #7a7a7a; font-weight: 400; font-size: 14px;\">iznajmljivajnefrizidera@gmail.com<\/span><\/h4>\n<h4><span style=\"color: #7a7a7a; font-weight: 400; font-size: 20px;\">Puna politika privatnosti<\/span><\/h4>\n<h4><span style=\"color: #7a7a7a; font-weight: 400; font-size: 14px;\"><strong>Kontroler i vlasnik podataka:<\/strong><\/span><\/h4>\n<h4><span style=\"color: #7a7a7a; font-weight: 400; font-size: 14px;\">Iznajmljivanje fri\u017eidera<\/span><br><span style=\"color: #7a7a7a; font-weight: 400; font-size: 14px;\">iznajmljivanjefrizidera@gmail.com<\/span><\/h4>\n<h4><span style=\"color: #7a7a7a; font-weight: 400; font-size: 20px;\">Vrste prikupljenih podataka<\/span><\/h4>\n<h4><span style=\"color: #7a7a7a; font-weight: 400; font-size: 14px;\">Me\u0111u vrstama li\u010dnih podataka koje ovaj sajt prikuplja, sam ili putem tre\u0107ih lica, se nalaze: kola\u010di\u0107i i podaci o kori\u0161\u0107enju.<\/span><\/h4>\n<h4><span style=\"color: #7a7a7a; font-weight: 400; font-size: 14px;\">Ostali prikupljeni li\u010dni podaci mogu biti opisani u drugim odeljcima ove politike privatnosti ili tekstom posve\u0107enom kontekstualnom obja\u0161njenju podataka.<\/span><\/h4>\n<h4><span style=\"color: #7a7a7a; font-weight: 400; font-size: 14px;\">Li\u010dni podaci mogu biti slobodno obezbe\u0111eni od strane korisnika, ili automatski sakupljeni prilikom kori\u0161\u0107enja ovog veb sajta.<\/span><\/h4>\n<h4><span style=\"color: #7a7a7a; font-weight: 400; font-size: 14px;\">Svako kori\u0161\u0107enje kola\u010di\u0107a \u2013 ili drugih alata za pra\u0107enje \u2013 od strane ovog vebsajta ili od strane vlasnika usluga tre\u0107ih strana koje koristi ovaj vebsajt, osim ako nije druga\u010dije nazna\u010deno, slu\u017ee za identifikaciju korisnika i pam\u0107enje njihovih preferencija, isklju\u010divo u svrhu pru\u017eanja usluge koju zahtevaju korisnici<\/span><\/h4>\n<h4><span style=\"color: #7a7a7a; font-weight: 400; font-size: 14px;\">Nepru\u017eanje odre\u0111enih li\u010dnih podataka mo\u017ee onemogu\u0107iti pru\u017eanje usluga ovog sajta<\/span><\/h4>\n<h4><span style=\"color: #7a7a7a; font-weight: 400; font-size: 14px;\">Korisnici su odgovorni za sve li\u010dne podatke tre\u0107ih lica koje su dobili, objavili ili podelili putem ovog vebsajta i potvrdili da imaju pristanak tre\u0107e strane da dostave podatke vlasniku vebsajta.<\/span><\/h4>\n<h4><span style=\"color: #7a7a7a; font-weight: 400; font-size: 14px;\"><strong>Analitika<\/strong><\/span><\/h4>\n<h4><span style=\"color: #7a7a7a; font-weight: 400; font-size: 14px;\">Mo\u017eemo da koristimo usulge tre\u0107e strane za nadgledanje i analiziranje kori\u0161\u0107enja na\u0161eg servisa.<\/span><\/h4>\n<h4><span style=\"color: #7a7a7a; font-weight: 400; font-size: 14px;\"><strong>Google analitika<\/strong><\/span><\/h4>\n<h4><span style=\"color: #7a7a7a; font-weight: 400; font-size: 14px;\">Google analitka je usluga veb analitike koju nudi Google i koja prati i prijavljuje saobra\u0107aj na veb-lokaciji. Google koristi prikupljene podatke za pra\u0107enje i nadgledanje na\u0161eg servisa. Ovi podaci se dele sa drugim Google uslugama. Google mo\u017ee koristiti prikupljene podatke za kontekstualizaciju i personalizaciju oglasa svoje vlastite mre\u017ee ogla\u0161avanja.<\/span><\/h4>\n<h4><span style=\"color: #7a7a7a; font-weight: 400; font-size: 14px;\">Vi mo\u017eete isklju\u010diti mogu\u0107nost aktivacije ove usluge i stavljanje na raspolaganje Google Analitics tako \u0161to \u0107ete instalirati dodatak za Google Analitics opciju za isklju\u010divanje. Dodatak spre\u010dava da Google Analitics JavaScript (ga.js, analitics.js i dc.js) deli informacije sa Google Analitics o aktivnostima poseta<\/span><\/h4>\n<h4><span style=\"color: #7a7a7a; font-weight: 400; font-size: 14px;\">Vi\u0161e informacija o Guglovoj praksi privatnosti potra\u017eite na veb stranici Google privatnosti i uslova kori\u0161\u0107enja: http:\/\/www.google.com\/intl\/en\/policies\/privacy\/<\/span><\/h4>\n<h4><span style=\"color: #7a7a7a; font-weight: 400; font-size: 20px;\">Na\u010din i mesto obrade podataka<\/span><\/h4>\n<h4><span style=\"color: #7a7a7a; font-weight: 400; font-size: 14px;\">Kontrolor podataka obra\u0111uje podatke korisnika na odgovaraju\u0107i na\u010din i preduzima odgovaraju\u0107e sigurnosne mere kako bi spre\u010dio neovla\u0161\u0107eni pristup, otkrivanje, izmenu ili neovla\u0161\u0107eno uni\u0161tavanje podataka.<\/span><\/h4>\n<h4><span style=\"color: #7a7a7a; font-weight: 400; font-size: 14px;\">Obrada podataka se vr\u0161i kori\u0161\u0107enjem ra\u010dunara i \/ ili IT alata, prate\u0107i organizacione procedure i re\u017eime koji su strogo vezani za nazna\u010dene svrhe. Pored kontrolora, u nekim slu\u010dajevima, podaci mogu biti dostupni i odre\u0111enim tipovima odgovornih lica, koja su uklju\u010dena u rad vebsajta (administracija, prodaja, marketing, pravna, administracija sistema) ili spoljne strane (kao \u0161to je tre\u0107a strana) dobavlja\u010de tehni\u010dkih usluga, pru\u017eaoce po\u0161te, pru\u017eaoce hostinga, IT kompanije, agencije za komunikacije) koje je imenovao, ukoliko je potrebno, od strane vlasnika. A\u017eurirani spisak ovih strana mo\u017ee se zatra\u017eiti od kontrolora podataka u bilo kom trenutku.<\/span><\/h4>\n<h4><span style=\"color: #7a7a7a; font-weight: 400; font-size: 14px;\">Podaci se obra\u0111uju u operativnim kancelarijama kontrolora podataka i na svim drugim mestima gde se nalaze strane koje su uklju\u010dene u procesiranje. Za vi\u0161e informacija, molimo kontaktirajte kontrolora podataka.<\/span><\/h4>\n<h4><span style=\"color: #7a7a7a; font-weight: 400; font-size: 14px;\">Podaci se \u010duvaju za vreme koje je potrebno za pru\u017eanje usluge koju je zatra\u017eio korisnik, ili se navode u svrhe navedene u ovom dokumentu, a korisnik mo\u017ee uvijek zatra\u017eiti da kontrolor podataka obustavi ili ukloni.<\/span><\/h4>\n<h4><span style=\"color: #7a7a7a; font-weight: 400; font-size: 20px;\">Upotreba prikupljenih podataka<\/span><\/h4>\n<h4><span style=\"color: #7a7a7a; font-weight: 400; font-size: 14px;\">Mi mo\u017eemo prikupljati informacije o tome kako se pristupa i kako se koriste na\u0161e usluga. Ovi podaci mogu uklju\u010divati informacije kao \u0161to su IP adresa ra\u010dunara, tip pregleda\u010da, verzija pregleda\u010da, stranice na\u0161e usluge koje pose\u0107ujete, vreme i datum va\u0161e posete, vreme provedeno na tim stranicama, jedinstveni identifikatori ure\u0111aja i drugi dijagnosti\u010dki podaci.<\/span><\/h4>\n<h4><span style=\"color: #7a7a7a; font-weight: 400; font-size: 14px;\">Prikupljene podatke koristimo za razne svrhe:<\/span><\/h4>\n<h4><span style=\"color: #7a7a7a; font-weight: 400; font-size: 14px;\">\u2013 Da obezbedimo i odr\u017eimo na\u0161u uslugu<\/span><br><span style=\"color: #7a7a7a; font-weight: 400; font-size: 14px;\">\u2013 Da Vas obavestimo o promenama na\u0161ih usluga<\/span><br><span style=\"color: #7a7a7a; font-weight: 400; font-size: 14px;\">\u2013 Da vam omogu\u0107imo da u\u010destvujete u interaktivnim uslugama kada se za to odlu\u010dite<\/span><br><span style=\"color: #7a7a7a; font-weight: 400; font-size: 14px;\">\u2013 Da pru\u017eimo podr\u0161ku korisnicima<\/span><br><span style=\"color: #7a7a7a; font-weight: 400; font-size: 14px;\">\u2013 Za prikupljanje i analizu vrednih informacija kako bismo pobolj\u0161ali na\u0161u uslugu<\/span><br><span style=\"color: #7a7a7a; font-weight: 400; font-size: 14px;\">\u2013 Da pratimo kori\u0161\u0107enje na\u0161ih usluga<\/span><br><span style=\"color: #7a7a7a; font-weight: 400; font-size: 14px;\">\u2013 Za otkrivanje, spre\u010davanje i re\u0161avanje tehni\u010dkih problema<\/span><br><span style=\"color: #7a7a7a; font-weight: 400; font-size: 14px;\">\u2013 Da vam pru\u017eimo vesti, posebne ponude i op\u0161te informacije o drugim dobrima, uslugama i doga\u0111ajima koje organizujemo ili na kojima u\u010destvujemo, a koji su sli\u010dni onima koje ste ve\u0107 kupili ili pitali, osim ako ste se odlu\u010dili da ne primate takve informacije.<\/span><\/h4>\n<h4><span style=\"color: #7a7a7a; font-weight: 400; font-size: 20px;\">Dodatne informacije o prikupljanju i kori\u0161\u0107enju podataka<\/span><\/h4>\n<h4><span style=\"color: #7a7a7a; font-weight: 400; font-size: 14px;\"><strong>Zakonske mere<\/strong><\/span><\/h4>\n<h4><span style=\"color: #7a7a7a; font-weight: 400; font-size: 14px;\">Korisnikovi li\u010dni podaci mogu se koristiti u pravne svrhe od strane kontrolora podataka, na sudu ili u fazama koje vode do mogu\u0107ih pravnih radnji koje proizlaze iz nepravilnog kori\u0161\u0107enja ovog vebsajta ili srodnih usluga.<\/span><\/h4>\n<h4><span style=\"color: #7a7a7a; font-weight: 400; font-size: 14px;\">Korisnik izjavljuje da je svestan da se od kontrolora podataka mo\u017ee zahtevati da otkrije li\u010dne podatke na zahtev javnih vlasti.<\/span><\/h4>\n<h4><span style=\"color: #7a7a7a; font-weight: 400; font-size: 14px;\"><strong>Dodatne informacije o li\u010dnim podacima korisnika<\/strong><\/span><\/h4>\n<h4><span style=\"color: #7a7a7a; font-weight: 400; font-size: 14px;\">Pored informacija sadr\u017eanih u ovoj politici privatnosti, ova vebstranica mo\u017ee korisniku pru\u017eiti dodatne i kontekstualne informacije koje se odnose na odre\u0111ene usluge ili na prikupljanje i obradu li\u010dnih podataka na zahtev.<\/span><\/h4>\n<h4><span style=\"color: #7a7a7a; font-weight: 400; font-size: 14px;\"><strong>Sistemski zapisi i odr\u017eavanje<\/strong><\/span><\/h4>\n<h4><span style=\"color: #7a7a7a; font-weight: 400; font-size: 14px;\">Za potrebe rada i odr\u017eavanja, ova aplikacija i bilo koje usluge tre\u0107ih strana mogu prikupljati datoteke koje snimaju interakciju sa ovom aplikacijom (sistemski logovi) ili koristiti za tu svrhu druge li\u010dne podatke (kao \u0161to je IP adresa).<\/span><\/h4>\n<h4><span style=\"color: #7a7a7a; font-weight: 400; font-size: 14px;\"><strong>Informacije koje se ne nalaze u ovoj politici<\/strong><\/span><\/h4>\n<h4><span style=\"color: #7a7a7a; font-weight: 400; font-size: 14px;\">Vi\u0161e detalja u vezi sa prikupljanjem ili obradom li\u010dnih podataka mo\u017ee se zatra\u017eiti od kontrolora podataka u bilo kom trenutku. Molimo vas pogledajte kontakt informacije na po\u010detku ovog dokumenta.<\/span><\/h4>\n<h4><span style=\"color: #7a7a7a; font-weight: 400; font-size: 14px;\"><strong>Prava korisnika<\/strong><\/span><\/h4>\n<h4><span style=\"color: #7a7a7a; font-weight: 400; font-size: 14px;\">Korisnici imaju pravo da u bilo kom trenutku znaju da li su njihovi li\u010dni podaci sa\u010duvani i da li mogu da se konsultuju sa kontrolorom podataka kako bi saznali o njihovom sadr\u017eaju i poreklu, da provere njihovu ta\u010dnost ili da zatra\u017ee da se dopune, poni\u0161te, a\u017euriraju ili isprave ili za njihovu transformaciju u neki drugi format ili za blokiranje bilo kojih podataka koji su u suprotnosti sa zakonom, kao i za suprotstavljanje njihovom tretmanu iz svih legitimnih razloga. Zahteve treba poslati kontroloru podataka na gore navedene kontakt informacije.<\/span><\/h4>\n<h4><span style=\"color: #7a7a7a; font-weight: 400; font-size: 14px;\">Ova aplikacija ne podr\u017eava zahteve \u201cNe prati\u201d.<\/span><\/h4>\n<h4><span style=\"color: #7a7a7a; font-weight: 400; font-size: 14px;\">Da biste utvrdili da li neka od usluga tre\u0107ih strana koje koristi, po\u0161tuje zahteve \u201eNe prati\u201c, pro\u010ditajte njihova pravila o privatnosti.<\/span><\/h4>\n<h4><span style=\"color: #7a7a7a; font-weight: 400; font-size: 14px;\">U odre\u0111enim okolnostima, imate pravo:<\/span><br><span style=\"color: #7a7a7a; font-weight: 400; font-size: 14px;\">\u2013 Pristupiti i primiti kopiju li\u010dnih podataka koje imamo o Vama<\/span><br><span style=\"color: #7a7a7a; font-weight: 400; font-size: 14px;\">\u2013 Ispraviti bilo koji li\u010dni podatak o Vama koji je neta\u010dan<\/span><br><span style=\"color: #7a7a7a; font-weight: 400; font-size: 14px;\">\u2013 Da zatra\u017eite brisanje li\u010dnih podataka o Vama<\/span><\/h4>\n<h4><span style=\"color: #7a7a7a; font-weight: 400; font-size: 14px;\"><strong>Linkovi ka drugim sajtovima<\/strong><\/span><\/h4>\n<h4><span style=\"color: #7a7a7a; font-weight: 400; font-size: 14px;\">Na\u0161 servis mo\u017ee da sadr\u017ei linkove ka drugim vebsajtovima koje mi ne koristimo. Ako kliknete na vezu tre\u0107e strane, bi\u0107ete upu\u0107eni na sajt tre\u0107e strane. Savetujemo vam da pregledate Politiku privatnosti svakog sajta koji posetite. Mi nemamo kontrolu nad njima i ne preuzimamo nikakvu odgovornost za sadr\u017eaj, politiku privatnosti ili praksu bilo koje lokacije ili usluga tre\u0107ih strana.<\/span><\/h4>\n<h4><span style=\"color: #7a7a7a; font-weight: 400; font-size: 14px;\"><strong>Promene Politike privatnosti<\/strong><\/span><\/h4>\n<h4><span style=\"color: #7a7a7a; font-weight: 400; font-size: 14px;\">Kontrolor podataka zadr\u017eava pravo da izmeni ovu politiku privatnosti u bilo kom trenutku tako \u0161to \u0107e obavestiti svoje korisnike na ovoj stranici. Preporu\u010dljivo je da \u010desto proveravate ovu stranicu, pozivaju\u0107i se na datum poslednje izmene navedene na vrhu ove strane. Ako se Korisnik usprotivi bilo kojoj od izmena Politike privatnosti, korisnik mora prestati koristiti ovu Aplikaciju i mo\u017ee zatra\u017eiti od Kontrolora da ukloni sve li\u010dne podataka. Ukoliko nije druga\u010dije navedeno, tada\u0161nja trenutna politika privatnosti va\u017ei za sve li\u010dne podatke koje kontroler podataka ima o korisnicima.<\/span><\/h4>\n<h4><span style=\"color: #7a7a7a; font-weight: 400; font-size: 14px;\"><strong>Informacije o ovoj politici privatnosti<\/strong><\/span><\/h4>\n<h4><span style=\"color: #7a7a7a; font-weight: 400; font-size: 14px;\">Kontrolor podataka, Iznajmljivanje Fri\u017eidera, je odgovoran za ovu politiku privatnosti.<\/span><\/h4>\n<h4><span style=\"color: #7a7a7a; font-weight: 400; font-size: 14px;\"><strong>Kontaktirajte nas<\/strong><\/span><\/h4>\n<h4><span style=\"color: #7a7a7a; font-weight: 400; font-size: 14px;\">Ako imate bilo kakvih pitanja u vezi sa politikom privatnosti, kontaktirajte nas.<\/span><\/h4>\n<h4><span style=\"color: #7a7a7a; font-weight: 400; font-size: 14px;\">Iznajmljivanje Fri\u017eidera<br><\/span><span style=\"color: #7a7a7a; font-weight: 400; font-size: 14px;\">iznajmljivanjefrizidera@gmail.com<\/span><\/h4>\n<\/div>\t\t\t\t\t\t<\/div>\n\t\t\t\t<\/div>\n\t\t\t\t\t<\/div>\n\t\t<\/div>\n\t\t\t\t\t\t\t<\/div>\n\t\t<\/section>\n\t\t\t\t\t\t\t<\/div>\n\t\t","protected":false},"excerpt":{"rendered":"<p>Politika privatnosti Ovaj vebsajt prikuplja odre\u0111ene podatke od posetilacaZadnja verzija: (9\/04\/2023)Kompanija: Iznajmljivanje fri\u017eidera Sa\u017eetak politike privatnosti Iznajmljivanje fri\u017eidera koristi websajt https:\/\/www.iznajmljivanjefrizidera.rs kao uslugu. Ova stranica Vas informi\u0161e o na\u0161oj politici vezanoj za prikupljanje, upotrebu i otkrivanje Va\u0161ih li\u010dnih podataka prilikom kori\u0161\u0107enja na\u0161ih usluga i Va\u0161im izborom da nam ostavite Va\u0161e li\u010dne podatke. Mi koristimo Va\u0161e &hellip;<\/p>\n<p class=\"read-more\"> <a class=\"\" href=\"https:\/\/iznajmljivanjefrizidera.rs\/index.php\/privacy-policy\/\"> <span class=\"screen-reader-text\">Privacy Policy<\/span> Read More &raquo;<\/a><\/p>\n","protected":false},"author":1,"featured_media":0,"parent":0,"menu_order":0,"comment_status":"closed","ping_status":"open","template":"","meta":{"site-sidebar-layout":"default","site-content-layout":"default","ast-global-header-display":"","ast-main-header-display":"","ast-hfb-above-header-display":"","ast-hfb-below-header-display":"","ast-hfb-mobile-header-display":"","site-post-title":"","ast-breadcrumbs-content":"","ast-featured-img":"","footer-sml-layout":"","theme-transparent-header-meta":"","adv-header-id-meta":"","stick-header-meta":"","header-above-stick-meta":"","header-main-stick-meta":"","header-below-stick-meta":"","footnotes":""},"class_list":["post-3","page","type-page","status-publish","hentry"],"_links":{"self":[{"href":"https:\/\/iznajmljivanjefrizidera.rs\/index.php\/wp-json\/wp\/v2\/pages\/3","targetHints":{"allow":["GET"]}}],"collection":[{"href":"https:\/\/iznajmljivanjefrizidera.rs\/index.php\/wp-json\/wp\/v2\/pages"}],"about":[{"href":"https:\/\/iznajmljivanjefrizidera.rs\/index.php\/wp-json\/wp\/v2\/types\/page"}],"author":[{"embeddable":true,"href":"https:\/\/iznajmljivanjefrizidera.rs\/index.php\/wp-json\/wp\/v2\/users\/1"}],"replies":[{"embeddable":true,"href":"https:\/\/iznajmljivanjefrizidera.rs\/index.php\/wp-json\/wp\/v2\/comments?post=3"}],"version-history":[{"count":54,"href":"https:\/\/iznajmljivanjefrizidera.rs\/index.php\/wp-json\/wp\/v2\/pages\/3\/revisions"}],"predecessor-version":[{"id":591,"href":"https:\/\/iznajmljivanjefrizidera.rs\/index.php\/wp-json\/wp\/v2\/pages\/3\/revisions\/591"}],"wp:attachment":[{"href":"https:\/\/iznajmljivanjefrizidera.rs\/index.php\/wp-json\/wp\/v2\/media?parent=3"}],"curies":[{"name":"wp","href":"https:\/\/api.w.org\/{rel}","templated":true}]}}